{"id":3291,"date":"2020-10-18T11:33:50","date_gmt":"2020-10-18T11:33:50","guid":{"rendered":"http:\/\/dreamdealer.biz\/?page_id=3291"},"modified":"2020-10-18T11:37:07","modified_gmt":"2020-10-18T11:37:07","slug":"bidding-form","status":"publish","type":"page","link":"https:\/\/dreamdealer.biz\/pt\/bidding-form\/","title":{"rendered":"formul\u00e1rio de licita\u00e7\u00e3o"},"content":{"rendered":"<div data-elementor-type=\"wp-page\" data-elementor-id=\"3291\" class=\"elementor elementor-3291\">\n\t\t\t\t\t\t<div class=\"elementor-inner\">\n\t\t\t\t<div class=\"elementor-section-wrap\">\n\t\t\t\t\t\t\t\t\t<section class=\"elementor-section elementor-top-section elementor-element elementor-element-70bca25 elementor-section-boxed elementor-section-height-default elementor-section-height-default\" data-id=\"70bca25\" data-element_type=\"section\">\n\t\t\t\t\t\t<div class=\"elementor-container elementor-column-gap-default\">\n\t\t\t\t\t\t\t<div class=\"elementor-row\">\n\t\t\t\t\t<div class=\"elementor-column elementor-col-100 elementor-top-column elementor-element elementor-element-3671e7d\" data-id=\"3671e7d\" data-element_type=\"column\">\n\t\t\t<div class=\"elementor-column-wrap elementor-element-populated\">\n\t\t\t\t\t\t\t<div class=\"elementor-widget-wrap\">\n\t\t\t\t\t\t<div class=\"elementor-element elementor-element-feeea87 elementor-widget elementor-widget-shortcode\" data-id=\"feeea87\" data-element_type=\"widget\" data-widget_type=\"shortcode.default\">\n\t\t\t\t<div class=\"elementor-widget-container\">\n\t\t\t\t\t<div class=\"elementor-shortcode\"><form  method=\"post\" name=\"bidding_form\" class=\"\" enctype=\"multipart\/form-data\" action=\"\">\r\n    <div class=\"row\">\r\n        <div class=\"col-sm-12\">\r\n            <div class=\"form-group\">\r\n                <input type=\"text\" class=\"form-control\" name=\"bid_form_name\" placeholder=\"nome\" required=\"required\">\r\n\t\t\t\t<input type=\"hidden\" class=\"form-control\" id=\"post_id\" name=\"post_id\" placeholder=\"\" required=\"required\" >\r\n            <\/div><!-- \/.form-group -->\r\n        <\/div>\r\n        <div class=\"col-sm-12\">\r\n            <div class=\"form-group\">\r\n                <input type=\"email\" class=\"form-control\" name=\"bid_form_email\" placeholder=\"O email\" required=\"required\" value=\"\">\r\n            <\/div><!-- \/.form-group -->\r\n        <\/div>\r\n        <div class=\"col-sm-12\">\r\n            <div class=\"form-group\">\r\n                <input type=\"text\" class=\"form-control style2\" name=\"bid_form_phone\" placeholder=\"Telefone\" required=\"required\" value=\"\">\r\n            <\/div><!-- \/.form-group -->\r\n        <\/div>\r\n        <div class=\"col-sm-12\">\r\n            <div class=\"form-group\">\r\n                <input type=\"number\" class=\"form-control\" name=\"bid_form_amount\" placeholder=\"valor do lance em USD\" required=\"required\">\r\n        <\/div>\r\n    <\/div>\r\n\t\t       <div class=\"col-sm-12\">\r\n            <div id=\"proofOfFunds\" class=\"form-group\">\r\n\t\t\t\t<p style=\"margin-bottom:0px !important;\"}>Comprova\u00e7\u00e3o de fundos *<\/p>\r\n                <input type=\"file\" class=\"form-control\" name=\"uploaded_file[]\" placeholder=\"Carregar comprovante de fundos\" required=\"required\">\r\n        <\/div>\r\n\t\t\t\t   <a style=\"cursor:pointer\" onclick=\"addnewfield()\">Adicionar mais arquivos<\/a>\r\n    <\/div>\r\n    <input type=\"submit\" class=\"biddingBtn Btn3\" name=\"insert_bid\" \/>\r\n    <input type=\"hidden\" name=\"trp-form-language\" value=\"pt\"\/><\/form>\r\n<script>\r\n\twindow.onload = function (){\r\n\t\tvar url_string = window.location.href;\r\n\t\tvar url = new URL(url_string);\r\n\t\tvar id = url.searchParams.get(\"id\");\r\n\t\tdocument.getElementById('post_id').value = id;\r\n\t}\r\nfunction addnewfield(){\r\n   var initialFile =  document.getElementById('proofOfFunds');\r\n   initialFile.innerHTML += '<input type=\"file\" class=\"form-control\" name=\"uploaded_file[]\" placeholder=\"Upload proof of funds\" required=\"required\">';\r\n}\r\n<\/script><\/div>\n\t\t\t\t<\/div>\n\t\t\t\t<\/div>\n\t\t\t\t\t\t<\/div>\n\t\t\t\t\t<\/div>\n\t\t<\/div>\n\t\t\t\t\t\t\t\t<\/div>\n\t\t\t\t\t<\/div>\n\t\t<\/section>\n\t\t\t\t<section class=\"elementor-section elementor-top-section elementor-element elementor-element-bbfd11f elementor-section-boxed elementor-section-height-default elementor-section-height-default\" data-id=\"bbfd11f\" data-element_type=\"section\">\n\t\t\t\t\t\t<div class=\"elementor-container elementor-column-gap-default\">\n\t\t\t\t\t\t\t<div class=\"elementor-row\">\n\t\t\t\t\t<div class=\"elementor-column elementor-col-100 elementor-top-column elementor-element elementor-element-7f100de\" data-id=\"7f100de\" data-element_type=\"column\">\n\t\t\t<div class=\"elementor-column-wrap elementor-element-populated\">\n\t\t\t\t\t\t\t<div class=\"elementor-widget-wrap\">\n\t\t\t\t\t\t<div class=\"elementor-element elementor-element-06ab0f0 elementor-widget elementor-widget-shortcode\" data-id=\"06ab0f0\" data-element_type=\"widget\" data-widget_type=\"shortcode.default\">\n\t\t\t\t<div class=\"elementor-widget-container\">\n\t\t\t\t\t<div class=\"elementor-shortcode\"><\/div>\n\t\t\t\t<\/div>\n\t\t\t\t<\/div>\n\t\t\t\t\t\t<\/div>\n\t\t\t\t\t<\/div>\n\t\t<\/div>\n\t\t\t\t\t\t\t\t<\/div>\n\t\t\t\t\t<\/div>\n\t\t<\/section>\n\t\t\t\t\t\t\t\t\t<\/div>\n\t\t\t<\/div>\n\t\t\t\t\t<\/div>","protected":false},"excerpt":{"rendered":"","protected":false},"author":53,"featured_media":0,"parent":0,"menu_order":0,"comment_status":"closed","ping_status":"closed","template":"","meta":[],"_links":{"self":[{"href":"https:\/\/dreamdealer.biz\/pt\/wp-json\/wp\/v2\/pages\/3291"}],"collection":[{"href":"https:\/\/dreamdealer.biz\/pt\/wp-json\/wp\/v2\/pages"}],"about":[{"href":"https:\/\/dreamdealer.biz\/pt\/wp-json\/wp\/v2\/types\/page"}],"author":[{"embeddable":true,"href":"https:\/\/dreamdealer.biz\/pt\/wp-json\/wp\/v2\/users\/53"}],"replies":[{"embeddable":true,"href":"https:\/\/dreamdealer.biz\/pt\/wp-json\/wp\/v2\/comments?post=3291"}],"version-history":[{"count":4,"href":"https:\/\/dreamdealer.biz\/pt\/wp-json\/wp\/v2\/pages\/3291\/revisions"}],"predecessor-version":[{"id":3299,"href":"https:\/\/dreamdealer.biz\/pt\/wp-json\/wp\/v2\/pages\/3291\/revisions\/3299"}],"wp:attachment":[{"href":"https:\/\/dreamdealer.biz\/pt\/wp-json\/wp\/v2\/media?parent=3291"}],"curies":[{"name":"wp","href":"https:\/\/api.w.org\/{rel}","templated":true}]}}