{"id":1487,"date":"2020-03-03T02:09:37","date_gmt":"2020-03-03T02:09:37","guid":{"rendered":"https:\/\/demoapus.com\/homeo\/?page_id=1487"},"modified":"2020-03-03T02:09:37","modified_gmt":"2020-03-03T02:09:37","slug":"favorite","status":"publish","type":"page","link":"https:\/\/dreamdealer.biz\/fr\/favorite\/","title":{"rendered":"Favorite"},"content":{"rendered":"<div data-elementor-type=\"wp-page\" data-elementor-id=\"1487\" class=\"elementor elementor-1487\">\n\t\t\t\t\t\t<div class=\"elementor-inner\">\n\t\t\t\t<div class=\"elementor-section-wrap\">\n\t\t\t\t\t\t\t\t\t<section class=\"elementor-section elementor-top-section elementor-element elementor-element-27a384d elementor-section-boxed elementor-section-height-default elementor-section-height-default\" data-id=\"27a384d\" data-element_type=\"section\">\n\t\t\t\t\t\t<div class=\"elementor-container elementor-column-gap-default\">\n\t\t\t\t\t\t\t<div class=\"elementor-row\">\n\t\t\t\t\t<div class=\"elementor-column elementor-col-100 elementor-top-column elementor-element elementor-element-794655e\" data-id=\"794655e\" data-element_type=\"column\">\n\t\t\t<div class=\"elementor-column-wrap elementor-element-populated\">\n\t\t\t\t\t\t\t<div class=\"elementor-widget-wrap\">\n\t\t\t\t\t\t<div class=\"elementor-element elementor-element-030c7d7 elementor-widget elementor-widget-text-editor\" data-id=\"030c7d7\" data-element_type=\"widget\" data-widget_type=\"text-editor.default\">\n\t\t\t\t<div class=\"elementor-widget-container\">\n\t\t\t\t\t\t\t\t<div class=\"elementor-text-editor elementor-clearfix\">\n\t\t\t\t\n<div class=\"alert alert-warning not-allow-wrapper\">\n\tVous n&#039;\u00eates pas autoris\u00e9 \u00e0 acc\u00e9der \u00e0 cette page.<\/div><!-- \/.alert -->\n\t\t\t\t\t<\/div>\n\t\t\t\t\t\t<\/div>\n\t\t\t\t<\/div>\n\t\t\t\t\t\t<\/div>\n\t\t\t\t\t<\/div>\n\t\t<\/div>\n\t\t\t\t\t\t\t\t<\/div>\n\t\t\t\t\t<\/div>\n\t\t<\/section>\n\t\t\t\t\t\t\t\t\t<\/div>\n\t\t\t<\/div>\n\t\t\t\t\t<\/div>","protected":false},"excerpt":{"rendered":"","protected":false},"author":53,"featured_media":0,"parent":0,"menu_order":0,"comment_status":"closed","ping_status":"closed","template":"page-dashboard.php","meta":[],"_links":{"self":[{"href":"https:\/\/dreamdealer.biz\/fr\/wp-json\/wp\/v2\/pages\/1487"}],"collection":[{"href":"https:\/\/dreamdealer.biz\/fr\/wp-json\/wp\/v2\/pages"}],"about":[{"href":"https:\/\/dreamdealer.biz\/fr\/wp-json\/wp\/v2\/types\/page"}],"author":[{"embeddable":true,"href":"https:\/\/dreamdealer.biz\/fr\/wp-json\/wp\/v2\/users\/53"}],"replies":[{"embeddable":true,"href":"https:\/\/dreamdealer.biz\/fr\/wp-json\/wp\/v2\/comments?post=1487"}],"version-history":[{"count":0,"href":"https:\/\/dreamdealer.biz\/fr\/wp-json\/wp\/v2\/pages\/1487\/revisions"}],"wp:attachment":[{"href":"https:\/\/dreamdealer.biz\/fr\/wp-json\/wp\/v2\/media?parent=1487"}],"curies":[{"name":"wp","href":"https:\/\/api.w.org\/{rel}","templated":true}]}}