{"id":3185,"date":"2020-02-26T08:43:30","date_gmt":"2020-02-26T08:43:30","guid":{"rendered":"https:\/\/demoapus.com\/homeo\/?page_id=2"},"modified":"2020-02-26T08:43:30","modified_gmt":"2020-02-26T08:43:30","slug":"sample-page-2","status":"publish","type":"page","link":"https:\/\/dreamdealer.biz\/de\/sample-page-2\/","title":{"rendered":"Beispielseite"},"content":{"rendered":"<p>Dies ist eine Beispielseite. Es unterscheidet sich von einem Blog-Beitrag, da es an einem Ort bleibt und in Ihrer Site-Navigation angezeigt wird (in den meisten Themen). Die meisten Benutzer beginnen mit einer Info-Seite, auf der sie potenziellen Website-Besuchern vorgestellt werden. Es k\u00f6nnte so etwas sagen:<\/p>\n\n\n\n<blockquote class=\"wp-block-quote\"><p>Hallo! Ich bin tags\u00fcber ein Fahrradkurier, nachts ein aufstrebender Schauspieler, und das ist meine Website. Ich lebe in Los Angeles, habe einen tollen Hund namens Jack und ich mag Pi\u00f1a Coladas. (Und im Regen gefangen werden.)<\/p><\/blockquote>\n\n\n\n<p>\u2026oder so \u00e4hnlich:<\/p>\n\n\n\n<blockquote class=\"wp-block-quote\"><p>Die XYZ Doohickey Company wurde 1971 gegr\u00fcndet und bietet seitdem hochwertige Doohickeys f\u00fcr die \u00d6ffentlichkeit an. XYZ befindet sich in Gotham City und besch\u00e4ftigt \u00fcber 2.000 Mitarbeiter. F\u00fcr die Gotham-Community leistet XYZ alles M\u00f6gliche.<\/p><\/blockquote>\n\n\n\n<p>Als neuer WordPress-Benutzer sollten Sie zu gehen <a href=\"https:\/\/demoapus.com\/homeo\/wp-admin\/\">Ihr Dashboard<\/a> um diese Seite zu l\u00f6schen und neue Seiten f\u00fcr Ihren Inhalt zu erstellen. Habe Spa\u00df!<\/p>","protected":false},"excerpt":{"rendered":"<p>This is an example page. It&#8217;s different from a blog post because it will stay in one place and will show up in your site navigation (in most themes). Most people start with an About page that introduces them to potential site visitors. It might say something like this: Hi there! I&#8217;m a bike messenger [&hellip;]<\/p>","protected":false},"author":53,"featured_media":0,"parent":0,"menu_order":0,"comment_status":"closed","ping_status":"open","template":"","meta":[],"_links":{"self":[{"href":"https:\/\/dreamdealer.biz\/de\/wp-json\/wp\/v2\/pages\/3185"}],"collection":[{"href":"https:\/\/dreamdealer.biz\/de\/wp-json\/wp\/v2\/pages"}],"about":[{"href":"https:\/\/dreamdealer.biz\/de\/wp-json\/wp\/v2\/types\/page"}],"author":[{"embeddable":true,"href":"https:\/\/dreamdealer.biz\/de\/wp-json\/wp\/v2\/users\/53"}],"replies":[{"embeddable":true,"href":"https:\/\/dreamdealer.biz\/de\/wp-json\/wp\/v2\/comments?post=3185"}],"version-history":[{"count":0,"href":"https:\/\/dreamdealer.biz\/de\/wp-json\/wp\/v2\/pages\/3185\/revisions"}],"wp:attachment":[{"href":"https:\/\/dreamdealer.biz\/de\/wp-json\/wp\/v2\/media?parent=3185"}],"curies":[{"name":"wp","href":"https:\/\/api.w.org\/{rel}","templated":true}]}}